{"id":283,"date":"2025-03-02T08:05:17","date_gmt":"2025-03-02T08:05:17","guid":{"rendered":"http:\/\/coniia.ai\/semaine-de-lia\/"},"modified":"2025-03-02T21:10:28","modified_gmt":"2025-03-02T21:10:28","slug":"semaine-de-lia","status":"publish","type":"page","link":"https:\/\/coniia.ai\/fr\/semaine-de-lia\/","title":{"rendered":"Semaine de l&rsquo;IA"},"content":{"rendered":"\n<div class=\"wp-block-media-text has-media-on-the-right is-stacked-on-mobile has-background\" style=\"background:linear-gradient(135deg,rgb(255,208,0) 0%,rgb(254,254,255) 43%);grid-template-columns:auto 45%\"><div class=\"wp-block-media-text__content\">\n<p><strong>La Semaine de l&rsquo;intelligence artificielle (SIA) est l&rsquo;\u00e9v\u00e9nement phare de la CONIIA. Elle rassemble des innovateurs, des chercheurs, des chefs d&rsquo;entreprise et des d\u00e9cideurs politiques du monde entier dans le domaine de l&rsquo;intelligence artificielle. Organis\u00e9 \u00e0 Lom\u00e9, au Togo, ce rassemblement historique sert de passerelle essentielle entre les talents et les innovations africains en mati\u00e8re d&rsquo;intelligence artificielle et la communaut\u00e9 internationale.<\/strong><\/p>\n\n\n\n<div class=\"wp-block-buttons is-layout-flex wp-container-core-buttons-is-layout-132b0da8 wp-block-buttons-is-layout-flex\">\n<div class=\"wp-block-button has-custom-width wp-block-button__width-50 is-style-outline is-style-outline--1\"><a class=\"wp-block-button__link has-luminous-vivid-orange-color has-text-color has-link-color wp-element-button\" href=\"https:\/\/sia.tg\" target=\"_blank\" rel=\"noreferrer noopener\">Site officiel<\/a><\/div>\n<\/div>\n<\/div><figure class=\"wp-block-media-text__media\"><img fetchpriority=\"high\" decoding=\"async\" width=\"600\" height=\"259\" src=\"http:\/\/coniia.ai\/wp-content\/uploads\/2025\/03\/sia-logo.jpg\" alt=\"\" class=\"wp-image-71 size-full\" srcset=\"https:\/\/coniia.ai\/wp-content\/uploads\/2025\/03\/sia-logo.jpg 600w, https:\/\/coniia.ai\/wp-content\/uploads\/2025\/03\/sia-logo-300x130.jpg 300w\" sizes=\"(max-width: 600px) 100vw, 600px\" \/><\/figure><\/div>\n\n<h3 class=\"wp-block-heading\">SIA 2024 &#8211; Lom\u00e9, Togo<\/h3>\n\n<p>L&rsquo;\u00e9dition inaugurale de la Semaine de l&rsquo;IA a eu lieu en juin 2024 \u00e0 Lom\u00e9 et s&rsquo;est impos\u00e9e comme l&rsquo;un des principaux \u00e9v\u00e9nements li\u00e9s \u00e0 l&rsquo;IA sur le continent africain. Cette conf\u00e9rence innovante a \u00e9t\u00e9 l&rsquo;occasion d&rsquo;aborder les th\u00e8mes suivants<\/p>\n\n<ul class=\"wp-block-list\">\n<li>Des panels d&rsquo;experts explorent les applications de pointe de l&rsquo;IA et leur potentiel dans les \u00e9conomies en d\u00e9veloppement.<\/li>\n\n\n\n<li>Ateliers pratiques permettant d&rsquo;acqu\u00e9rir des comp\u00e9tences pratiques en mati\u00e8re de d\u00e9veloppement et de mise en \u0153uvre de l&rsquo;IA<\/li>\n\n\n\n<li>Sessions de mise en r\u00e9seau favorisant la collaboration entre les organisations internationales et les acteurs locaux<\/li>\n\n\n\n<li>Expositions pr\u00e9sentant des solutions d&rsquo;IA innovantes r\u00e9pondant \u00e0 des d\u00e9fis sp\u00e9cifiques \u00e0 l&rsquo;Afrique<\/li>\n\n\n\n<li>Concours de pr\u00e9sentation de startups mettant en lumi\u00e8re les entreprises africaines \u00e9mergentes dans le domaine de l&rsquo;IA<\/li>\n<\/ul>\n\n<h3 class=\"wp-block-heading\">Pourquoi Lom\u00e9 ?<\/h3>\n\n<p>En choisissant le Togo comme pays h\u00f4te de la semaine de l&rsquo;IA, la CONIIA souligne l&rsquo;importance de l&rsquo;Afrique dans le paysage technologique mondial. Lom\u00e9 repr\u00e9sente l&rsquo;intersection parfaite entre les aspirations technologiques et la richesse culturelle, incarnant notre vision d&rsquo;un d\u00e9veloppement inclusif de l&rsquo;IA qui respecte et am\u00e9liore les contextes locaux.<\/p>\n\n<h3 class=\"wp-block-heading\">Impact et r\u00e9sultats<\/h3>\n\n<p>Semaine de l&rsquo;IA 2024 avec succ\u00e8s :<\/p>\n\n<ul class=\"wp-block-list\">\n<li>Faciliter le transfert de connaissances entre les experts mondiaux de l&rsquo;IA et les praticiens africains<\/li>\n\n\n\n<li>Catalyser les partenariats entre les investisseurs internationaux et les innovateurs locaux<\/li>\n\n\n\n<li>Sensibilisation au potentiel de transformation de l&rsquo;IA \u00e9thique dans des secteurs essentiels au d\u00e9veloppement de l&rsquo;Afrique<\/li>\n\n\n\n<li>Fournir une plateforme pour les voix africaines dans le d\u00e9bat mondial sur la gouvernance et la politique de l&rsquo;IA<\/li>\n<\/ul>\n\n<h3 class=\"wp-block-heading\">Regarder vers l&rsquo;avenir<\/h3>\n\n<p>S&rsquo;appuyant sur le succ\u00e8s de l&rsquo;\u00e9v\u00e9nement inaugural, les prochaines \u00e9ditions de la semaine de l&rsquo;IA continueront d&rsquo;\u00e9largir leur port\u00e9e et leur impact. La CONIIA s&rsquo;est engag\u00e9e \u00e0 faire de la SIA un \u00e9v\u00e9nement phare du calendrier mondial de l&rsquo;IA &#8211; un \u00e9v\u00e9nement qui concentre syst\u00e9matiquement l&rsquo;innovation africaine tout en promouvant la collaboration intercontinentale.<\/p>\n\n<p>La semaine de l&rsquo;IA repr\u00e9sente plus qu&rsquo;une simple conf\u00e9rence ; elle incarne la mission de la CONIIA, qui est de veiller \u00e0 ce que la r\u00e9volution de l&rsquo;IA soit v\u00e9ritablement mondiale, inclusive et b\u00e9n\u00e9fique pour toutes les communaut\u00e9s.<\/p>\n\n<p><\/p>\n","protected":false},"excerpt":{"rendered":"<p>SIA 2024 &#8211; Lom\u00e9, Togo L&rsquo;\u00e9dition inaugurale de la Semaine de l&rsquo;IA a eu lieu en juin 2024 \u00e0 Lom\u00e9 et s&rsquo;est impos\u00e9e comme l&rsquo;un des principaux \u00e9v\u00e9nements li\u00e9s \u00e0 l&rsquo;IA sur le continent africain. Cette conf\u00e9rence innovante a \u00e9t\u00e9 l&rsquo;occasion d&rsquo;aborder les th\u00e8mes suivants Pourquoi Lom\u00e9 ? En choisissant le Togo comme pays h\u00f4te [&hellip;]<\/p>\n","protected":false},"author":1,"featured_media":0,"parent":0,"menu_order":0,"comment_status":"closed","ping_status":"closed","template":"","meta":{"footnotes":""},"class_list":["post-283","page","type-page","status-publish","hentry"],"yoast_head":"<!-- This site is optimized with the Yoast SEO plugin v24.5 - https:\/\/yoast.com\/wordpress\/plugins\/seo\/ -->\n<title>Semaine de l&#039;IA &#062; CONIIA<\/title>\n<meta name=\"robots\" content=\"index, follow, max-snippet:-1, max-image-preview:large, max-video-preview:-1\" \/>\n<link rel=\"canonical\" href=\"https:\/\/coniia.ai\/fr\/semaine-de-lia\/\" \/>\n<meta property=\"og:locale\" content=\"fr_FR\" \/>\n<meta property=\"og:type\" content=\"article\" \/>\n<meta property=\"og:title\" content=\"Semaine de l&#039;IA &#062; CONIIA\" \/>\n<meta property=\"og:description\" content=\"SIA 2024 &#8211; Lom\u00e9, Togo L&rsquo;\u00e9dition inaugurale de la Semaine de l&rsquo;IA a eu lieu en juin 2024 \u00e0 Lom\u00e9 et s&rsquo;est impos\u00e9e comme l&rsquo;un des principaux \u00e9v\u00e9nements li\u00e9s \u00e0 l&rsquo;IA sur le continent africain. Cette conf\u00e9rence innovante a \u00e9t\u00e9 l&rsquo;occasion d&rsquo;aborder les th\u00e8mes suivants Pourquoi Lom\u00e9 ? En choisissant le Togo comme pays h\u00f4te [&hellip;]\" \/>\n<meta property=\"og:url\" content=\"https:\/\/coniia.ai\/fr\/semaine-de-lia\/\" \/>\n<meta property=\"og:site_name\" content=\"CONIIA\" \/>\n<meta property=\"article:modified_time\" content=\"2025-03-02T21:10:28+00:00\" \/>\n<meta property=\"og:image\" content=\"http:\/\/coniia.ai\/wp-content\/uploads\/2025\/03\/sia-logo.jpg\" \/>\n<meta name=\"twitter:card\" content=\"summary_large_image\" \/>\n<meta name=\"twitter:label1\" content=\"Dur\u00e9e de lecture estim\u00e9e\" \/>\n\t<meta name=\"twitter:data1\" content=\"2 minutes\" \/>\n<script type=\"application\/ld+json\" class=\"yoast-schema-graph\">{\"@context\":\"https:\/\/schema.org\",\"@graph\":[{\"@type\":\"WebPage\",\"@id\":\"https:\/\/coniia.ai\/fr\/semaine-de-lia\/\",\"url\":\"https:\/\/coniia.ai\/fr\/semaine-de-lia\/\",\"name\":\"Semaine de l'IA &#062; CONIIA\",\"isPartOf\":{\"@id\":\"https:\/\/coniia.ai\/fr\/#website\"},\"primaryImageOfPage\":{\"@id\":\"https:\/\/coniia.ai\/fr\/semaine-de-lia\/#primaryimage\"},\"image\":{\"@id\":\"https:\/\/coniia.ai\/fr\/semaine-de-lia\/#primaryimage\"},\"thumbnailUrl\":\"http:\/\/coniia.ai\/wp-content\/uploads\/2025\/03\/sia-logo.jpg\",\"datePublished\":\"2025-03-02T08:05:17+00:00\",\"dateModified\":\"2025-03-02T21:10:28+00:00\",\"breadcrumb\":{\"@id\":\"https:\/\/coniia.ai\/fr\/semaine-de-lia\/#breadcrumb\"},\"inLanguage\":\"fr-FR\",\"potentialAction\":[{\"@type\":\"ReadAction\",\"target\":[\"https:\/\/coniia.ai\/fr\/semaine-de-lia\/\"]}]},{\"@type\":\"ImageObject\",\"inLanguage\":\"fr-FR\",\"@id\":\"https:\/\/coniia.ai\/fr\/semaine-de-lia\/#primaryimage\",\"url\":\"http:\/\/coniia.ai\/wp-content\/uploads\/2025\/03\/sia-logo.jpg\",\"contentUrl\":\"http:\/\/coniia.ai\/wp-content\/uploads\/2025\/03\/sia-logo.jpg\"},{\"@type\":\"BreadcrumbList\",\"@id\":\"https:\/\/coniia.ai\/fr\/semaine-de-lia\/#breadcrumb\",\"itemListElement\":[{\"@type\":\"ListItem\",\"position\":1,\"name\":\"Home\",\"item\":\"https:\/\/coniia.ai\/fr\/\"},{\"@type\":\"ListItem\",\"position\":2,\"name\":\"Semaine de l&rsquo;IA\"}]},{\"@type\":\"WebSite\",\"@id\":\"https:\/\/coniia.ai\/fr\/#website\",\"url\":\"https:\/\/coniia.ai\/fr\/\",\"name\":\"CONIIA\",\"description\":\"Acteur majeur de l&#039;AI en Afrique et dans le Monde\",\"publisher\":{\"@id\":\"https:\/\/coniia.ai\/fr\/#organization\"},\"alternateName\":\"Conseil International de l'IA\",\"potentialAction\":[{\"@type\":\"SearchAction\",\"target\":{\"@type\":\"EntryPoint\",\"urlTemplate\":\"https:\/\/coniia.ai\/fr\/?s={search_term_string}\"},\"query-input\":{\"@type\":\"PropertyValueSpecification\",\"valueRequired\":true,\"valueName\":\"search_term_string\"}}],\"inLanguage\":\"fr-FR\"},{\"@type\":\"Organization\",\"@id\":\"https:\/\/coniia.ai\/fr\/#organization\",\"name\":\"CONIIA\",\"url\":\"https:\/\/coniia.ai\/fr\/\",\"logo\":{\"@type\":\"ImageObject\",\"inLanguage\":\"fr-FR\",\"@id\":\"https:\/\/coniia.ai\/fr\/#\/schema\/logo\/image\/\",\"url\":\"https:\/\/coniia.ai\/wp-content\/uploads\/2025\/03\/logo-coniia-web.png\",\"contentUrl\":\"https:\/\/coniia.ai\/wp-content\/uploads\/2025\/03\/logo-coniia-web.png\",\"width\":300,\"height\":100,\"caption\":\"CONIIA\"},\"image\":{\"@id\":\"https:\/\/coniia.ai\/fr\/#\/schema\/logo\/image\/\"}}]}<\/script>\n<!-- \/ Yoast SEO plugin. -->","yoast_head_json":{"title":"Semaine de l'IA &#062; CONIIA","robots":{"index":"index","follow":"follow","max-snippet":"max-snippet:-1","max-image-preview":"max-image-preview:large","max-video-preview":"max-video-preview:-1"},"canonical":"https:\/\/coniia.ai\/fr\/semaine-de-lia\/","og_locale":"fr_FR","og_type":"article","og_title":"Semaine de l'IA &#062; CONIIA","og_description":"SIA 2024 &#8211; Lom\u00e9, Togo L&rsquo;\u00e9dition inaugurale de la Semaine de l&rsquo;IA a eu lieu en juin 2024 \u00e0 Lom\u00e9 et s&rsquo;est impos\u00e9e comme l&rsquo;un des principaux \u00e9v\u00e9nements li\u00e9s \u00e0 l&rsquo;IA sur le continent africain. Cette conf\u00e9rence innovante a \u00e9t\u00e9 l&rsquo;occasion d&rsquo;aborder les th\u00e8mes suivants Pourquoi Lom\u00e9 ? En choisissant le Togo comme pays h\u00f4te [&hellip;]","og_url":"https:\/\/coniia.ai\/fr\/semaine-de-lia\/","og_site_name":"CONIIA","article_modified_time":"2025-03-02T21:10:28+00:00","og_image":[{"url":"http:\/\/coniia.ai\/wp-content\/uploads\/2025\/03\/sia-logo.jpg","type":"","width":"","height":""}],"twitter_card":"summary_large_image","twitter_misc":{"Dur\u00e9e de lecture estim\u00e9e":"2 minutes"},"schema":{"@context":"https:\/\/schema.org","@graph":[{"@type":"WebPage","@id":"https:\/\/coniia.ai\/fr\/semaine-de-lia\/","url":"https:\/\/coniia.ai\/fr\/semaine-de-lia\/","name":"Semaine de l'IA &#062; CONIIA","isPartOf":{"@id":"https:\/\/coniia.ai\/fr\/#website"},"primaryImageOfPage":{"@id":"https:\/\/coniia.ai\/fr\/semaine-de-lia\/#primaryimage"},"image":{"@id":"https:\/\/coniia.ai\/fr\/semaine-de-lia\/#primaryimage"},"thumbnailUrl":"http:\/\/coniia.ai\/wp-content\/uploads\/2025\/03\/sia-logo.jpg","datePublished":"2025-03-02T08:05:17+00:00","dateModified":"2025-03-02T21:10:28+00:00","breadcrumb":{"@id":"https:\/\/coniia.ai\/fr\/semaine-de-lia\/#breadcrumb"},"inLanguage":"fr-FR","potentialAction":[{"@type":"ReadAction","target":["https:\/\/coniia.ai\/fr\/semaine-de-lia\/"]}]},{"@type":"ImageObject","inLanguage":"fr-FR","@id":"https:\/\/coniia.ai\/fr\/semaine-de-lia\/#primaryimage","url":"http:\/\/coniia.ai\/wp-content\/uploads\/2025\/03\/sia-logo.jpg","contentUrl":"http:\/\/coniia.ai\/wp-content\/uploads\/2025\/03\/sia-logo.jpg"},{"@type":"BreadcrumbList","@id":"https:\/\/coniia.ai\/fr\/semaine-de-lia\/#breadcrumb","itemListElement":[{"@type":"ListItem","position":1,"name":"Home","item":"https:\/\/coniia.ai\/fr\/"},{"@type":"ListItem","position":2,"name":"Semaine de l&rsquo;IA"}]},{"@type":"WebSite","@id":"https:\/\/coniia.ai\/fr\/#website","url":"https:\/\/coniia.ai\/fr\/","name":"CONIIA","description":"Acteur majeur de l&#039;AI en Afrique et dans le Monde","publisher":{"@id":"https:\/\/coniia.ai\/fr\/#organization"},"alternateName":"Conseil International de l'IA","potentialAction":[{"@type":"SearchAction","target":{"@type":"EntryPoint","urlTemplate":"https:\/\/coniia.ai\/fr\/?s={search_term_string}"},"query-input":{"@type":"PropertyValueSpecification","valueRequired":true,"valueName":"search_term_string"}}],"inLanguage":"fr-FR"},{"@type":"Organization","@id":"https:\/\/coniia.ai\/fr\/#organization","name":"CONIIA","url":"https:\/\/coniia.ai\/fr\/","logo":{"@type":"ImageObject","inLanguage":"fr-FR","@id":"https:\/\/coniia.ai\/fr\/#\/schema\/logo\/image\/","url":"https:\/\/coniia.ai\/wp-content\/uploads\/2025\/03\/logo-coniia-web.png","contentUrl":"https:\/\/coniia.ai\/wp-content\/uploads\/2025\/03\/logo-coniia-web.png","width":300,"height":100,"caption":"CONIIA"},"image":{"@id":"https:\/\/coniia.ai\/fr\/#\/schema\/logo\/image\/"}}]}},"_links":{"self":[{"href":"https:\/\/coniia.ai\/fr\/wp-json\/wp\/v2\/pages\/283","targetHints":{"allow":["GET"]}}],"collection":[{"href":"https:\/\/coniia.ai\/fr\/wp-json\/wp\/v2\/pages"}],"about":[{"href":"https:\/\/coniia.ai\/fr\/wp-json\/wp\/v2\/types\/page"}],"author":[{"embeddable":true,"href":"https:\/\/coniia.ai\/fr\/wp-json\/wp\/v2\/users\/1"}],"replies":[{"embeddable":true,"href":"https:\/\/coniia.ai\/fr\/wp-json\/wp\/v2\/comments?post=283"}],"version-history":[{"count":1,"href":"https:\/\/coniia.ai\/fr\/wp-json\/wp\/v2\/pages\/283\/revisions"}],"predecessor-version":[{"id":285,"href":"https:\/\/coniia.ai\/fr\/wp-json\/wp\/v2\/pages\/283\/revisions\/285"}],"wp:attachment":[{"href":"https:\/\/coniia.ai\/fr\/wp-json\/wp\/v2\/media?parent=283"}],"curies":[{"name":"wp","href":"https:\/\/api.w.org\/{rel}","templated":true}]}}