{"id":284,"date":"2025-03-02T08:33:25","date_gmt":"2025-03-02T08:33:25","guid":{"rendered":"http:\/\/coniia.ai\/journees-ai\/"},"modified":"2025-03-02T21:10:28","modified_gmt":"2025-03-02T21:10:28","slug":"journees-ai","status":"publish","type":"page","link":"https:\/\/coniia.ai\/fr\/journees-ai\/","title":{"rendered":"Journ\u00e9es AI"},"content":{"rendered":"\n<div class=\"wp-block-media-text is-stacked-on-mobile has-background\" style=\"background-color:#046944;grid-template-columns:35% auto\"><figure class=\"wp-block-media-text__media\"><img fetchpriority=\"high\" decoding=\"async\" width=\"600\" height=\"600\" src=\"http:\/\/coniia.ai\/wp-content\/uploads\/2025\/03\/image_carte-jia.png\" alt=\"\" class=\"wp-image-212 size-full\" srcset=\"https:\/\/coniia.ai\/wp-content\/uploads\/2025\/03\/image_carte-jia.png 600w, https:\/\/coniia.ai\/wp-content\/uploads\/2025\/03\/image_carte-jia-300x300.png 300w, https:\/\/coniia.ai\/wp-content\/uploads\/2025\/03\/image_carte-jia-150x150.png 150w, https:\/\/coniia.ai\/wp-content\/uploads\/2025\/03\/image_carte-jia-230x230.png 230w, https:\/\/coniia.ai\/wp-content\/uploads\/2025\/03\/image_carte-jia-400x400.png 400w\" sizes=\"(max-width: 600px) 100vw, 600px\" \/><\/figure><div class=\"wp-block-media-text__content\">\n<figure class=\"wp-block-image size-full\"><img decoding=\"async\" width=\"300\" height=\"143\" src=\"http:\/\/coniia.ai\/wp-content\/uploads\/2025\/03\/LOGO_JIA_2025_texte_blanc-1.png\" alt=\"\" class=\"wp-image-207\"\/><\/figure>\n\n\n\n<p class=\"has-white-color has-text-color has-link-color has-medium-font-size wp-elements-72f9bc1442f7ce26b78a82e56f8369cd\"><strong>Les Journ\u00e9es de l&rsquo;Intelligence Artificielle (JIA) repr\u00e9sentent l&rsquo;engagement de CONIIA \u00e0 impliquer diverses communaut\u00e9s \u00e0 travers l&rsquo;Afrique dans la r\u00e9volution de l&rsquo;IA. Apr\u00e8s le succ\u00e8s de notre semaine phare de l&rsquo;IA au Togo, les Journ\u00e9es de l&rsquo;IA en C\u00f4te d&rsquo;Ivoire en f\u00e9vrier 2025 ont \u00e9largi notre port\u00e9e et notre impact \u00e0 travers l&rsquo;Afrique de l&rsquo;Ouest.<\/strong><\/p>\n<\/div><\/div>\n\n<p><\/p>\n\n<h3 class=\"wp-block-heading\">JIA 2025 &#8211; C\u00f4te d&rsquo;Ivoire<\/h3>\n\n<p>Les premi\u00e8res Journ\u00e9es de l&rsquo;IA en C\u00f4te d&rsquo;Ivoire ont constitu\u00e9 une plateforme dynamique d&rsquo;\u00e9change de connaissances ax\u00e9e sur les applications pratiques de l&rsquo;IA dans divers secteurs \u00e9conomiques. L&rsquo;\u00e9v\u00e9nement a mis l&rsquo;accent sur des solutions adapt\u00e9es aux d\u00e9fis et aux opportunit\u00e9s sp\u00e9cifiques de la r\u00e9gion de l&rsquo;Afrique de l&rsquo;Ouest.<\/p>\n\n<h3 class=\"wp-block-heading\">Caract\u00e9ristiques principales<\/h3>\n\n<ul class=\"wp-block-list\">\n<li><strong>Des pistes sp\u00e9cifiques \u00e0 l&rsquo;industrie<\/strong>: Des sessions d\u00e9di\u00e9es aux applications de l&rsquo;IA dans l&rsquo;agriculture, la sant\u00e9, l&rsquo;\u00e9ducation, la finance et la gouvernance.<\/li>\n\n\n\n<li><strong>Ateliers de renforcement des capacit\u00e9s<\/strong>: Formation pratique pour les d\u00e9veloppeurs, les entrepreneurs et les fonctionnaires du secteur public.<\/li>\n\n\n\n<li><strong>Vitrine de l&rsquo;innovation locale<\/strong>: Exposition pr\u00e9sentant des solutions d&rsquo;intelligence artificielle locales r\u00e9pondant \u00e0 des besoins r\u00e9gionaux.<\/li>\n\n\n\n<li><strong>Tables rondes sur les politiques<\/strong>: Discussions sur la cr\u00e9ation d&rsquo;environnements favorables au d\u00e9veloppement de l&rsquo;IA en Afrique de l&rsquo;Ouest<\/li>\n\n\n\n<li><strong>Collaboration entre l&rsquo;universit\u00e9 et l&rsquo;industrie<\/strong>: Forums mettant en relation des chercheurs et des chefs d&rsquo;entreprise afin de combler le foss\u00e9 entre la th\u00e9orie et l&rsquo;application.<\/li>\n<\/ul>\n\n<h3 class=\"wp-block-heading\">Participation et port\u00e9e<\/h3>\n\n<p>JIA 2025 r\u00e9unie :<\/p>\n\n<ul class=\"wp-block-list\">\n<li>Entrepreneurs et jeunes pousses locales dans le domaine de la technologie<\/li>\n\n\n\n<li>Repr\u00e9sentants du gouvernement et d\u00e9cideurs politiques<\/li>\n\n\n\n<li>Institutions universitaires et centres de recherche<\/li>\n\n\n\n<li>Entreprises technologiques internationales<\/li>\n\n\n\n<li>Organisations de la soci\u00e9t\u00e9 civile<\/li>\n\n\n\n<li>Investisseurs int\u00e9ress\u00e9s par l&rsquo;\u00e9cosyst\u00e8me technologique africain<\/li>\n<\/ul>\n\n<h3 class=\"wp-block-heading\">Impact<\/h3>\n\n<p><strong>Les Journ\u00e9es de l&rsquo;IA en C\u00f4te d&rsquo;Ivoire ont abouti \u00e0 plusieurs r\u00e9sultats importants :<\/strong><\/p>\n\n<ol class=\"wp-block-list\">\n<li>Sensibilisation accrue au potentiel de l&rsquo;IA parmi les entreprises locales et les agences gouvernementales<\/li>\n\n\n\n<li>Faciliter le transfert de connaissances entre les experts internationaux et les praticiens locaux<\/li>\n\n\n\n<li>Cr\u00e9ation d&rsquo;opportunit\u00e9s de mise en r\u00e9seau d\u00e9bouchant sur de nouveaux partenariats et collaborations<\/li>\n\n\n\n<li>Mise en \u00e9vidence de la capacit\u00e9 d&rsquo;innovation des d\u00e9veloppeurs d&rsquo;IA ivoiriens et r\u00e9gionaux<\/li>\n\n\n\n<li>Contribution aux discussions politiques sur la gouvernance et la r\u00e9glementation de l&rsquo;IA<\/li>\n<\/ol>\n\n<h3 class=\"wp-block-heading\">La s\u00e9rie JIA<\/h3>\n\n<p>Les Journ\u00e9es de l&rsquo;IA sont con\u00e7ues pour \u00eatre une s\u00e9rie r\u00e9currente d&rsquo;\u00e9v\u00e9nements dans diff\u00e9rents pays africains, en compl\u00e9ment de notre semaine annuelle de l&rsquo;IA au Togo. Chaque \u00e9dition de la JIA vise \u00e0 relever les d\u00e9fis sp\u00e9cifiques \u00e0 la r\u00e9gion tout en contribuant \u00e0 la vision plus large d&rsquo;une Afrique \u00e0 la fois consommatrice et productrice de technologies d&rsquo;IA.<\/p>\n\n<p>En apportant une formation de haute qualit\u00e9 \u00e0 l&rsquo;IA, en cr\u00e9ant des r\u00e9seaux et en pr\u00e9sentant des opportunit\u00e9s dans divers endroits, CONIIA s&rsquo;assure que les avantages du d\u00e9veloppement de l&rsquo;IA atteignent les communaut\u00e9s \u00e0 travers le continent.<\/p>\n","protected":false},"excerpt":{"rendered":"<p>JIA 2025 &#8211; C\u00f4te d&rsquo;Ivoire Les premi\u00e8res Journ\u00e9es de l&rsquo;IA en C\u00f4te d&rsquo;Ivoire ont constitu\u00e9 une plateforme dynamique d&rsquo;\u00e9change de connaissances ax\u00e9e sur les applications pratiques de l&rsquo;IA dans divers secteurs \u00e9conomiques. L&rsquo;\u00e9v\u00e9nement a mis l&rsquo;accent sur des solutions adapt\u00e9es aux d\u00e9fis et aux opportunit\u00e9s sp\u00e9cifiques de la r\u00e9gion de l&rsquo;Afrique de l&rsquo;Ouest. Caract\u00e9ristiques principales [&hellip;]<\/p>\n","protected":false},"author":1,"featured_media":0,"parent":0,"menu_order":0,"comment_status":"closed","ping_status":"closed","template":"","meta":{"footnotes":""},"class_list":["post-284","page","type-page","status-publish","hentry"],"yoast_head":"<!-- This site is optimized with the Yoast SEO plugin v24.5 - https:\/\/yoast.com\/wordpress\/plugins\/seo\/ -->\n<title>Journ\u00e9es AI &#062; CONIIA<\/title>\n<meta name=\"robots\" content=\"index, follow, max-snippet:-1, max-image-preview:large, max-video-preview:-1\" \/>\n<link rel=\"canonical\" href=\"https:\/\/coniia.ai\/fr\/journees-ai\/\" \/>\n<meta property=\"og:locale\" content=\"fr_FR\" \/>\n<meta property=\"og:type\" content=\"article\" \/>\n<meta property=\"og:title\" content=\"Journ\u00e9es AI &#062; CONIIA\" \/>\n<meta property=\"og:description\" content=\"JIA 2025 &#8211; C\u00f4te d&rsquo;Ivoire Les premi\u00e8res Journ\u00e9es de l&rsquo;IA en C\u00f4te d&rsquo;Ivoire ont constitu\u00e9 une plateforme dynamique d&rsquo;\u00e9change de connaissances ax\u00e9e sur les applications pratiques de l&rsquo;IA dans divers secteurs \u00e9conomiques. L&rsquo;\u00e9v\u00e9nement a mis l&rsquo;accent sur des solutions adapt\u00e9es aux d\u00e9fis et aux opportunit\u00e9s sp\u00e9cifiques de la r\u00e9gion de l&rsquo;Afrique de l&rsquo;Ouest. Caract\u00e9ristiques principales [&hellip;]\" \/>\n<meta property=\"og:url\" content=\"https:\/\/coniia.ai\/fr\/journees-ai\/\" \/>\n<meta property=\"og:site_name\" content=\"CONIIA\" \/>\n<meta property=\"article:modified_time\" content=\"2025-03-02T21:10:28+00:00\" \/>\n<meta property=\"og:image\" content=\"http:\/\/coniia.ai\/wp-content\/uploads\/2025\/03\/image_carte-jia.png\" \/>\n<meta name=\"twitter:card\" content=\"summary_large_image\" \/>\n<meta name=\"twitter:label1\" content=\"Dur\u00e9e de lecture estim\u00e9e\" \/>\n\t<meta name=\"twitter:data1\" content=\"2 minutes\" \/>\n<script type=\"application\/ld+json\" class=\"yoast-schema-graph\">{\"@context\":\"https:\/\/schema.org\",\"@graph\":[{\"@type\":\"WebPage\",\"@id\":\"https:\/\/coniia.ai\/fr\/journees-ai\/\",\"url\":\"https:\/\/coniia.ai\/fr\/journees-ai\/\",\"name\":\"Journ\u00e9es AI &#062; CONIIA\",\"isPartOf\":{\"@id\":\"https:\/\/coniia.ai\/fr\/#website\"},\"primaryImageOfPage\":{\"@id\":\"https:\/\/coniia.ai\/fr\/journees-ai\/#primaryimage\"},\"image\":{\"@id\":\"https:\/\/coniia.ai\/fr\/journees-ai\/#primaryimage\"},\"thumbnailUrl\":\"http:\/\/coniia.ai\/wp-content\/uploads\/2025\/03\/image_carte-jia.png\",\"datePublished\":\"2025-03-02T08:33:25+00:00\",\"dateModified\":\"2025-03-02T21:10:28+00:00\",\"breadcrumb\":{\"@id\":\"https:\/\/coniia.ai\/fr\/journees-ai\/#breadcrumb\"},\"inLanguage\":\"fr-FR\",\"potentialAction\":[{\"@type\":\"ReadAction\",\"target\":[\"https:\/\/coniia.ai\/fr\/journees-ai\/\"]}]},{\"@type\":\"ImageObject\",\"inLanguage\":\"fr-FR\",\"@id\":\"https:\/\/coniia.ai\/fr\/journees-ai\/#primaryimage\",\"url\":\"http:\/\/coniia.ai\/wp-content\/uploads\/2025\/03\/image_carte-jia.png\",\"contentUrl\":\"http:\/\/coniia.ai\/wp-content\/uploads\/2025\/03\/image_carte-jia.png\"},{\"@type\":\"BreadcrumbList\",\"@id\":\"https:\/\/coniia.ai\/fr\/journees-ai\/#breadcrumb\",\"itemListElement\":[{\"@type\":\"ListItem\",\"position\":1,\"name\":\"Home\",\"item\":\"https:\/\/coniia.ai\/fr\/\"},{\"@type\":\"ListItem\",\"position\":2,\"name\":\"Journ\u00e9es AI\"}]},{\"@type\":\"WebSite\",\"@id\":\"https:\/\/coniia.ai\/fr\/#website\",\"url\":\"https:\/\/coniia.ai\/fr\/\",\"name\":\"CONIIA\",\"description\":\"Acteur majeur de l&#039;AI en Afrique et dans le Monde\",\"publisher\":{\"@id\":\"https:\/\/coniia.ai\/fr\/#organization\"},\"alternateName\":\"Conseil International de l'IA\",\"potentialAction\":[{\"@type\":\"SearchAction\",\"target\":{\"@type\":\"EntryPoint\",\"urlTemplate\":\"https:\/\/coniia.ai\/fr\/?s={search_term_string}\"},\"query-input\":{\"@type\":\"PropertyValueSpecification\",\"valueRequired\":true,\"valueName\":\"search_term_string\"}}],\"inLanguage\":\"fr-FR\"},{\"@type\":\"Organization\",\"@id\":\"https:\/\/coniia.ai\/fr\/#organization\",\"name\":\"CONIIA\",\"url\":\"https:\/\/coniia.ai\/fr\/\",\"logo\":{\"@type\":\"ImageObject\",\"inLanguage\":\"fr-FR\",\"@id\":\"https:\/\/coniia.ai\/fr\/#\/schema\/logo\/image\/\",\"url\":\"https:\/\/coniia.ai\/wp-content\/uploads\/2025\/03\/logo-coniia-web.png\",\"contentUrl\":\"https:\/\/coniia.ai\/wp-content\/uploads\/2025\/03\/logo-coniia-web.png\",\"width\":300,\"height\":100,\"caption\":\"CONIIA\"},\"image\":{\"@id\":\"https:\/\/coniia.ai\/fr\/#\/schema\/logo\/image\/\"}}]}<\/script>\n<!-- \/ Yoast SEO plugin. -->","yoast_head_json":{"title":"Journ\u00e9es AI &#062; CONIIA","robots":{"index":"index","follow":"follow","max-snippet":"max-snippet:-1","max-image-preview":"max-image-preview:large","max-video-preview":"max-video-preview:-1"},"canonical":"https:\/\/coniia.ai\/fr\/journees-ai\/","og_locale":"fr_FR","og_type":"article","og_title":"Journ\u00e9es AI &#062; CONIIA","og_description":"JIA 2025 &#8211; C\u00f4te d&rsquo;Ivoire Les premi\u00e8res Journ\u00e9es de l&rsquo;IA en C\u00f4te d&rsquo;Ivoire ont constitu\u00e9 une plateforme dynamique d&rsquo;\u00e9change de connaissances ax\u00e9e sur les applications pratiques de l&rsquo;IA dans divers secteurs \u00e9conomiques. L&rsquo;\u00e9v\u00e9nement a mis l&rsquo;accent sur des solutions adapt\u00e9es aux d\u00e9fis et aux opportunit\u00e9s sp\u00e9cifiques de la r\u00e9gion de l&rsquo;Afrique de l&rsquo;Ouest. Caract\u00e9ristiques principales [&hellip;]","og_url":"https:\/\/coniia.ai\/fr\/journees-ai\/","og_site_name":"CONIIA","article_modified_time":"2025-03-02T21:10:28+00:00","og_image":[{"url":"http:\/\/coniia.ai\/wp-content\/uploads\/2025\/03\/image_carte-jia.png","type":"","width":"","height":""}],"twitter_card":"summary_large_image","twitter_misc":{"Dur\u00e9e de lecture estim\u00e9e":"2 minutes"},"schema":{"@context":"https:\/\/schema.org","@graph":[{"@type":"WebPage","@id":"https:\/\/coniia.ai\/fr\/journees-ai\/","url":"https:\/\/coniia.ai\/fr\/journees-ai\/","name":"Journ\u00e9es AI &#062; CONIIA","isPartOf":{"@id":"https:\/\/coniia.ai\/fr\/#website"},"primaryImageOfPage":{"@id":"https:\/\/coniia.ai\/fr\/journees-ai\/#primaryimage"},"image":{"@id":"https:\/\/coniia.ai\/fr\/journees-ai\/#primaryimage"},"thumbnailUrl":"http:\/\/coniia.ai\/wp-content\/uploads\/2025\/03\/image_carte-jia.png","datePublished":"2025-03-02T08:33:25+00:00","dateModified":"2025-03-02T21:10:28+00:00","breadcrumb":{"@id":"https:\/\/coniia.ai\/fr\/journees-ai\/#breadcrumb"},"inLanguage":"fr-FR","potentialAction":[{"@type":"ReadAction","target":["https:\/\/coniia.ai\/fr\/journees-ai\/"]}]},{"@type":"ImageObject","inLanguage":"fr-FR","@id":"https:\/\/coniia.ai\/fr\/journees-ai\/#primaryimage","url":"http:\/\/coniia.ai\/wp-content\/uploads\/2025\/03\/image_carte-jia.png","contentUrl":"http:\/\/coniia.ai\/wp-content\/uploads\/2025\/03\/image_carte-jia.png"},{"@type":"BreadcrumbList","@id":"https:\/\/coniia.ai\/fr\/journees-ai\/#breadcrumb","itemListElement":[{"@type":"ListItem","position":1,"name":"Home","item":"https:\/\/coniia.ai\/fr\/"},{"@type":"ListItem","position":2,"name":"Journ\u00e9es AI"}]},{"@type":"WebSite","@id":"https:\/\/coniia.ai\/fr\/#website","url":"https:\/\/coniia.ai\/fr\/","name":"CONIIA","description":"Acteur majeur de l&#039;AI en Afrique et dans le Monde","publisher":{"@id":"https:\/\/coniia.ai\/fr\/#organization"},"alternateName":"Conseil International de l'IA","potentialAction":[{"@type":"SearchAction","target":{"@type":"EntryPoint","urlTemplate":"https:\/\/coniia.ai\/fr\/?s={search_term_string}"},"query-input":{"@type":"PropertyValueSpecification","valueRequired":true,"valueName":"search_term_string"}}],"inLanguage":"fr-FR"},{"@type":"Organization","@id":"https:\/\/coniia.ai\/fr\/#organization","name":"CONIIA","url":"https:\/\/coniia.ai\/fr\/","logo":{"@type":"ImageObject","inLanguage":"fr-FR","@id":"https:\/\/coniia.ai\/fr\/#\/schema\/logo\/image\/","url":"https:\/\/coniia.ai\/wp-content\/uploads\/2025\/03\/logo-coniia-web.png","contentUrl":"https:\/\/coniia.ai\/wp-content\/uploads\/2025\/03\/logo-coniia-web.png","width":300,"height":100,"caption":"CONIIA"},"image":{"@id":"https:\/\/coniia.ai\/fr\/#\/schema\/logo\/image\/"}}]}},"_links":{"self":[{"href":"https:\/\/coniia.ai\/fr\/wp-json\/wp\/v2\/pages\/284","targetHints":{"allow":["GET"]}}],"collection":[{"href":"https:\/\/coniia.ai\/fr\/wp-json\/wp\/v2\/pages"}],"about":[{"href":"https:\/\/coniia.ai\/fr\/wp-json\/wp\/v2\/types\/page"}],"author":[{"embeddable":true,"href":"https:\/\/coniia.ai\/fr\/wp-json\/wp\/v2\/users\/1"}],"replies":[{"embeddable":true,"href":"https:\/\/coniia.ai\/fr\/wp-json\/wp\/v2\/comments?post=284"}],"version-history":[{"count":1,"href":"https:\/\/coniia.ai\/fr\/wp-json\/wp\/v2\/pages\/284\/revisions"}],"predecessor-version":[{"id":286,"href":"https:\/\/coniia.ai\/fr\/wp-json\/wp\/v2\/pages\/284\/revisions\/286"}],"wp:attachment":[{"href":"https:\/\/coniia.ai\/fr\/wp-json\/wp\/v2\/media?parent=284"}],"curies":[{"name":"wp","href":"https:\/\/api.w.org\/{rel}","templated":true}]}}