{"id":287,"date":"2025-03-02T07:42:17","date_gmt":"2025-03-02T07:42:17","guid":{"rendered":"http:\/\/coniia.ai\/a-propos-de-coniia\/"},"modified":"2025-03-03T05:21:05","modified_gmt":"2025-03-03T05:21:05","slug":"a-propos-de-coniia","status":"publish","type":"page","link":"https:\/\/coniia.ai\/fr\/a-propos-de-coniia\/","title":{"rendered":"\u00c0 propos de CONIIA"},"content":{"rendered":"\n<p class=\"has-medium-font-size\"><strong>Le Conseil international pour l&rsquo;intelligence artificielle (CONIIA) est une organisation mondiale qui se consacre au d\u00e9veloppement \u00e9thique et responsable de l&rsquo;intelligence artificielle. Fond\u00e9e sur le principe que l&rsquo;IA devrait b\u00e9n\u00e9ficier \u00e0 toutes les communaut\u00e9s \u00e0 travers le monde, CONIIA rassemble des experts, des chercheurs et des praticiens pour encourager l&rsquo;innovation qui cr\u00e9e un impact soci\u00e9tal positif.<\/strong><\/p>\n\n\n\n<div class=\"wp-block-media-text is-stacked-on-mobile\" style=\"grid-template-columns:35% auto\"><figure class=\"wp-block-media-text__media\"><img fetchpriority=\"high\" decoding=\"async\" width=\"1024\" height=\"1024\" src=\"http:\/\/coniia.ai\/wp-content\/uploads\/2025\/03\/pour_docteur_result_result-1024x1024.png\" alt=\"\" class=\"wp-image-57 size-full\" srcset=\"https:\/\/coniia.ai\/wp-content\/uploads\/2025\/03\/pour_docteur_result_result-1024x1024.png 1024w, https:\/\/coniia.ai\/wp-content\/uploads\/2025\/03\/pour_docteur_result_result-300x300.png 300w, https:\/\/coniia.ai\/wp-content\/uploads\/2025\/03\/pour_docteur_result_result-150x150.png 150w, https:\/\/coniia.ai\/wp-content\/uploads\/2025\/03\/pour_docteur_result_result-768x768.png 768w, https:\/\/coniia.ai\/wp-content\/uploads\/2025\/03\/pour_docteur_result_result-230x230.png 230w, https:\/\/coniia.ai\/wp-content\/uploads\/2025\/03\/pour_docteur_result_result-400x400.png 400w, https:\/\/coniia.ai\/wp-content\/uploads\/2025\/03\/pour_docteur_result_result-600x600.png 600w, https:\/\/coniia.ai\/wp-content\/uploads\/2025\/03\/pour_docteur_result_result-640x640.png 640w, https:\/\/coniia.ai\/wp-content\/uploads\/2025\/03\/pour_docteur_result_result.png 1200w\" sizes=\"(max-width: 1024px) 100vw, 1024px\" \/><\/figure><div class=\"wp-block-media-text__content\">\n<h3 class=\"wp-block-heading\">Notre vision<\/h3>\n\n\n\n<p>Nous envisageons un monde o\u00f9 l&rsquo;intelligence artificielle est d\u00e9velopp\u00e9e et d\u00e9ploy\u00e9e de mani\u00e8re \u00e9thique, inclusive et b\u00e9n\u00e9fique pour toutes les communaut\u00e9s, en particulier celles qui sont historiquement sous-repr\u00e9sent\u00e9es dans les avanc\u00e9es technologiques. La CONIIA s&rsquo;engage \u00e0 faire en sorte que les avantages de l&rsquo;IA soient partag\u00e9s \u00e9quitablement dans le monde entier, tout en respectant les cultures, les \u00e9cosyst\u00e8mes et les communaut\u00e9s locales.<\/p>\n\n\n\n<h3 class=\"wp-block-heading\">Notre mission<\/h3>\n\n\n\n<p>La mission de la CONIIA s&rsquo;articule autour de cinq piliers fondamentaux :<\/p>\n\n\n\n<ul class=\"wp-block-list\">\n<li>Promouvoir l&rsquo;adoption responsable de l&rsquo;IA dans le monde<\/li>\n\n\n\n<li>Construire des ponts entre l&rsquo;Afrique et les autres continents dans le domaine de l&rsquo;IA<\/li>\n\n\n\n<li>Faciliter le transfert de connaissances et de comp\u00e9tences entre les r\u00e9gions<\/li>\n\n\n\n<li>Plaider pour des principes \u00e9thiques solides dans le d\u00e9veloppement de l&rsquo;IA<\/li>\n\n\n\n<li>Encourager l&rsquo;inclusion et la diversit\u00e9 dans l&rsquo;ensemble de l&rsquo;\u00e9cosyst\u00e8me de l&rsquo;IA<\/li>\n<\/ul>\n<\/div><\/div>\n\n\n\n<h3 class=\"wp-block-heading\">Notre raison d&rsquo;\u00eatre<\/h3>\n\n\n\n<p>La CONIIA est n\u00e9e d&rsquo;une constatation urgente : la n\u00e9cessit\u00e9 de rendre les technologies de l&rsquo;IA accessibles \u00e0 toutes les populations tout en veillant \u00e0 ce que leur d\u00e9veloppement respecte les valeurs \u00e9thiques fondamentales. Nous pensons que l&rsquo;IA peut \u00eatre un puissant moteur de d\u00e9veloppement, en particulier pour les r\u00e9gions \u00e9mergentes comme l&rsquo;Afrique, mais seulement si elle est guid\u00e9e par des principes de responsabilit\u00e9, d&rsquo;\u00e9quit\u00e9 et d&rsquo;inclusion.<\/p>\n\n\n\n<p>En cr\u00e9ant des plateformes de collaboration et d&rsquo;\u00e9change, CONIIA permet aux id\u00e9es de fleurir et aux partenariats de se former. Notre pr\u00e9sence internationale &#8211; avec des bureaux en Afrique (Togo, C\u00f4te d&rsquo;Ivoire), en Europe (France), aux Am\u00e9riques (\u00c9tats-Unis) et en Asie (Chine et Hong Kong) &#8211; nous permet d&rsquo;op\u00e9rer en tant qu&rsquo;organisation v\u00e9ritablement mondiale tout en conservant des liens \u00e9troits au niveau local.<\/p>\n\n\n\n<h3 class=\"wp-block-heading\">Notre engagement pour l&rsquo;Afrique<\/h3>\n\n\n\n<p>CONIIA joue un r\u00f4le crucial en reliant l&rsquo;Afrique au reste du monde dans le domaine de l&rsquo;IA. En choisissant Lom\u00e9 comme ville h\u00f4te de notre semaine phare de l&rsquo;intelligence artificielle (SIA), nous soulignons l&rsquo;importance de l&rsquo;Afrique dans le paysage technologique mondial et son potentiel en tant que leader de l&rsquo;innovation dans le domaine de l&rsquo;IA.<\/p>\n\n\n\n<p>Nos activit\u00e9s en Afrique, notamment les Journ\u00e9es de l&rsquo;IA (JIA) en C\u00f4te d&rsquo;Ivoire et la c\u00e9l\u00e9bration de la Journ\u00e9e africaine de l&rsquo;IA (JI2A), refl\u00e8tent notre engagement \u00e0 favoriser un \u00e9cosyst\u00e8me o\u00f9 les talents africains peuvent s&rsquo;\u00e9panouir et contribuer de mani\u00e8re significative \u00e0 la conversation mondiale sur l&rsquo;IA.<\/p>\n\n\n\n<h3 class=\"wp-block-heading\">Nos valeurs<\/h3>\n\n\n\n<p>CONIIA est guid\u00e9e par quatre valeurs fondamentales :<\/p>\n\n\n\n<ul class=\"wp-block-list\">\n<li><strong>\u00c9thique<\/strong>: Veiller \u00e0 ce que le d\u00e9veloppement de l&rsquo;IA respecte la dignit\u00e9 et les droits de l&rsquo;homme<\/li>\n\n\n\n<li><strong>Inclusivit\u00e9<\/strong>: Rendre l&rsquo;IA accessible et b\u00e9n\u00e9fique \u00e0 toutes les communaut\u00e9s<\/li>\n\n\n\n<li><strong>Responsabilit\u00e9<\/strong>: Promouvoir la transparence et la responsabilit\u00e9 dans les syst\u00e8mes d&rsquo;IA<\/li>\n\n\n\n<li><strong>Durabilit\u00e9<\/strong>: Plaider pour des solutions d&rsquo;IA qui soutiennent le bien-\u00eatre environnemental et social<\/li>\n<\/ul>\n\n\n\n<p>Par l&rsquo;\u00e9ducation, la sensibilisation, la recherche et la coop\u00e9ration internationale, la CONIIA travaille sans rel\u00e2che \u00e0 la construction d&rsquo;un avenir o\u00f9 l&rsquo;intelligence artificielle servira les plus hautes aspirations de l&rsquo;humanit\u00e9 et rel\u00e8vera les d\u00e9fis les plus pressants.<\/p>\n\n\n\n<p><\/p>\n","protected":false},"excerpt":{"rendered":"<p>Le Conseil international pour l&rsquo;intelligence artificielle (CONIIA) est une organisation mondiale qui se consacre au d\u00e9veloppement \u00e9thique et responsable de l&rsquo;intelligence artificielle. Fond\u00e9e sur le principe que l&rsquo;IA devrait b\u00e9n\u00e9ficier \u00e0 toutes les communaut\u00e9s \u00e0 travers le monde, CONIIA rassemble des experts, des chercheurs et des praticiens pour encourager l&rsquo;innovation qui cr\u00e9e un impact soci\u00e9tal [&hellip;]<\/p>\n","protected":false},"author":1,"featured_media":0,"parent":0,"menu_order":0,"comment_status":"closed","ping_status":"closed","template":"","meta":{"footnotes":""},"class_list":["post-287","page","type-page","status-publish","hentry"],"yoast_head":"<!-- This site is optimized with the Yoast SEO plugin v24.5 - https:\/\/yoast.com\/wordpress\/plugins\/seo\/ -->\n<title>\u00c0 propos de CONIIA &#062; CONIIA<\/title>\n<meta name=\"robots\" content=\"index, follow, max-snippet:-1, max-image-preview:large, max-video-preview:-1\" \/>\n<link rel=\"canonical\" href=\"https:\/\/coniia.ai\/fr\/a-propos-de-coniia\/\" \/>\n<meta property=\"og:locale\" content=\"fr_FR\" \/>\n<meta property=\"og:type\" content=\"article\" \/>\n<meta property=\"og:title\" content=\"\u00c0 propos de CONIIA &#062; CONIIA\" \/>\n<meta property=\"og:description\" content=\"Le Conseil international pour l&rsquo;intelligence artificielle (CONIIA) est une organisation mondiale qui se consacre au d\u00e9veloppement \u00e9thique et responsable de l&rsquo;intelligence artificielle. Fond\u00e9e sur le principe que l&rsquo;IA devrait b\u00e9n\u00e9ficier \u00e0 toutes les communaut\u00e9s \u00e0 travers le monde, CONIIA rassemble des experts, des chercheurs et des praticiens pour encourager l&rsquo;innovation qui cr\u00e9e un impact soci\u00e9tal [&hellip;]\" \/>\n<meta property=\"og:url\" content=\"https:\/\/coniia.ai\/fr\/a-propos-de-coniia\/\" \/>\n<meta property=\"og:site_name\" content=\"CONIIA\" \/>\n<meta property=\"article:modified_time\" content=\"2025-03-03T05:21:05+00:00\" \/>\n<meta property=\"og:image\" content=\"http:\/\/coniia.ai\/wp-content\/uploads\/2025\/03\/pour_docteur_result_result-1024x1024.png\" \/>\n<meta name=\"twitter:card\" content=\"summary_large_image\" \/>\n<meta name=\"twitter:label1\" content=\"Dur\u00e9e de lecture estim\u00e9e\" \/>\n\t<meta name=\"twitter:data1\" content=\"3 minutes\" \/>\n<script type=\"application\/ld+json\" class=\"yoast-schema-graph\">{\"@context\":\"https:\/\/schema.org\",\"@graph\":[{\"@type\":\"WebPage\",\"@id\":\"https:\/\/coniia.ai\/fr\/a-propos-de-coniia\/\",\"url\":\"https:\/\/coniia.ai\/fr\/a-propos-de-coniia\/\",\"name\":\"\u00c0 propos de CONIIA &#062; CONIIA\",\"isPartOf\":{\"@id\":\"https:\/\/coniia.ai\/fr\/#website\"},\"primaryImageOfPage\":{\"@id\":\"https:\/\/coniia.ai\/fr\/a-propos-de-coniia\/#primaryimage\"},\"image\":{\"@id\":\"https:\/\/coniia.ai\/fr\/a-propos-de-coniia\/#primaryimage\"},\"thumbnailUrl\":\"http:\/\/coniia.ai\/wp-content\/uploads\/2025\/03\/pour_docteur_result_result-1024x1024.png\",\"datePublished\":\"2025-03-02T07:42:17+00:00\",\"dateModified\":\"2025-03-03T05:21:05+00:00\",\"breadcrumb\":{\"@id\":\"https:\/\/coniia.ai\/fr\/a-propos-de-coniia\/#breadcrumb\"},\"inLanguage\":\"fr-FR\",\"potentialAction\":[{\"@type\":\"ReadAction\",\"target\":[\"https:\/\/coniia.ai\/fr\/a-propos-de-coniia\/\"]}]},{\"@type\":\"ImageObject\",\"inLanguage\":\"fr-FR\",\"@id\":\"https:\/\/coniia.ai\/fr\/a-propos-de-coniia\/#primaryimage\",\"url\":\"http:\/\/coniia.ai\/wp-content\/uploads\/2025\/03\/pour_docteur_result_result-1024x1024.png\",\"contentUrl\":\"http:\/\/coniia.ai\/wp-content\/uploads\/2025\/03\/pour_docteur_result_result-1024x1024.png\"},{\"@type\":\"BreadcrumbList\",\"@id\":\"https:\/\/coniia.ai\/fr\/a-propos-de-coniia\/#breadcrumb\",\"itemListElement\":[{\"@type\":\"ListItem\",\"position\":1,\"name\":\"Home\",\"item\":\"https:\/\/coniia.ai\/fr\/\"},{\"@type\":\"ListItem\",\"position\":2,\"name\":\"\u00c0 propos de CONIIA\"}]},{\"@type\":\"WebSite\",\"@id\":\"https:\/\/coniia.ai\/fr\/#website\",\"url\":\"https:\/\/coniia.ai\/fr\/\",\"name\":\"CONIIA\",\"description\":\"Acteur majeur de l&#039;AI en Afrique et dans le Monde\",\"publisher\":{\"@id\":\"https:\/\/coniia.ai\/fr\/#organization\"},\"alternateName\":\"Conseil International de l'IA\",\"potentialAction\":[{\"@type\":\"SearchAction\",\"target\":{\"@type\":\"EntryPoint\",\"urlTemplate\":\"https:\/\/coniia.ai\/fr\/?s={search_term_string}\"},\"query-input\":{\"@type\":\"PropertyValueSpecification\",\"valueRequired\":true,\"valueName\":\"search_term_string\"}}],\"inLanguage\":\"fr-FR\"},{\"@type\":\"Organization\",\"@id\":\"https:\/\/coniia.ai\/fr\/#organization\",\"name\":\"CONIIA\",\"url\":\"https:\/\/coniia.ai\/fr\/\",\"logo\":{\"@type\":\"ImageObject\",\"inLanguage\":\"fr-FR\",\"@id\":\"https:\/\/coniia.ai\/fr\/#\/schema\/logo\/image\/\",\"url\":\"https:\/\/coniia.ai\/wp-content\/uploads\/2025\/03\/logo-coniia-web.png\",\"contentUrl\":\"https:\/\/coniia.ai\/wp-content\/uploads\/2025\/03\/logo-coniia-web.png\",\"width\":300,\"height\":100,\"caption\":\"CONIIA\"},\"image\":{\"@id\":\"https:\/\/coniia.ai\/fr\/#\/schema\/logo\/image\/\"}}]}<\/script>\n<!-- \/ Yoast SEO plugin. -->","yoast_head_json":{"title":"\u00c0 propos de CONIIA &#062; CONIIA","robots":{"index":"index","follow":"follow","max-snippet":"max-snippet:-1","max-image-preview":"max-image-preview:large","max-video-preview":"max-video-preview:-1"},"canonical":"https:\/\/coniia.ai\/fr\/a-propos-de-coniia\/","og_locale":"fr_FR","og_type":"article","og_title":"\u00c0 propos de CONIIA &#062; CONIIA","og_description":"Le Conseil international pour l&rsquo;intelligence artificielle (CONIIA) est une organisation mondiale qui se consacre au d\u00e9veloppement \u00e9thique et responsable de l&rsquo;intelligence artificielle. Fond\u00e9e sur le principe que l&rsquo;IA devrait b\u00e9n\u00e9ficier \u00e0 toutes les communaut\u00e9s \u00e0 travers le monde, CONIIA rassemble des experts, des chercheurs et des praticiens pour encourager l&rsquo;innovation qui cr\u00e9e un impact soci\u00e9tal [&hellip;]","og_url":"https:\/\/coniia.ai\/fr\/a-propos-de-coniia\/","og_site_name":"CONIIA","article_modified_time":"2025-03-03T05:21:05+00:00","og_image":[{"url":"http:\/\/coniia.ai\/wp-content\/uploads\/2025\/03\/pour_docteur_result_result-1024x1024.png","type":"","width":"","height":""}],"twitter_card":"summary_large_image","twitter_misc":{"Dur\u00e9e de lecture estim\u00e9e":"3 minutes"},"schema":{"@context":"https:\/\/schema.org","@graph":[{"@type":"WebPage","@id":"https:\/\/coniia.ai\/fr\/a-propos-de-coniia\/","url":"https:\/\/coniia.ai\/fr\/a-propos-de-coniia\/","name":"\u00c0 propos de CONIIA &#062; CONIIA","isPartOf":{"@id":"https:\/\/coniia.ai\/fr\/#website"},"primaryImageOfPage":{"@id":"https:\/\/coniia.ai\/fr\/a-propos-de-coniia\/#primaryimage"},"image":{"@id":"https:\/\/coniia.ai\/fr\/a-propos-de-coniia\/#primaryimage"},"thumbnailUrl":"http:\/\/coniia.ai\/wp-content\/uploads\/2025\/03\/pour_docteur_result_result-1024x1024.png","datePublished":"2025-03-02T07:42:17+00:00","dateModified":"2025-03-03T05:21:05+00:00","breadcrumb":{"@id":"https:\/\/coniia.ai\/fr\/a-propos-de-coniia\/#breadcrumb"},"inLanguage":"fr-FR","potentialAction":[{"@type":"ReadAction","target":["https:\/\/coniia.ai\/fr\/a-propos-de-coniia\/"]}]},{"@type":"ImageObject","inLanguage":"fr-FR","@id":"https:\/\/coniia.ai\/fr\/a-propos-de-coniia\/#primaryimage","url":"http:\/\/coniia.ai\/wp-content\/uploads\/2025\/03\/pour_docteur_result_result-1024x1024.png","contentUrl":"http:\/\/coniia.ai\/wp-content\/uploads\/2025\/03\/pour_docteur_result_result-1024x1024.png"},{"@type":"BreadcrumbList","@id":"https:\/\/coniia.ai\/fr\/a-propos-de-coniia\/#breadcrumb","itemListElement":[{"@type":"ListItem","position":1,"name":"Home","item":"https:\/\/coniia.ai\/fr\/"},{"@type":"ListItem","position":2,"name":"\u00c0 propos de CONIIA"}]},{"@type":"WebSite","@id":"https:\/\/coniia.ai\/fr\/#website","url":"https:\/\/coniia.ai\/fr\/","name":"CONIIA","description":"Acteur majeur de l&#039;AI en Afrique et dans le Monde","publisher":{"@id":"https:\/\/coniia.ai\/fr\/#organization"},"alternateName":"Conseil International de l'IA","potentialAction":[{"@type":"SearchAction","target":{"@type":"EntryPoint","urlTemplate":"https:\/\/coniia.ai\/fr\/?s={search_term_string}"},"query-input":{"@type":"PropertyValueSpecification","valueRequired":true,"valueName":"search_term_string"}}],"inLanguage":"fr-FR"},{"@type":"Organization","@id":"https:\/\/coniia.ai\/fr\/#organization","name":"CONIIA","url":"https:\/\/coniia.ai\/fr\/","logo":{"@type":"ImageObject","inLanguage":"fr-FR","@id":"https:\/\/coniia.ai\/fr\/#\/schema\/logo\/image\/","url":"https:\/\/coniia.ai\/wp-content\/uploads\/2025\/03\/logo-coniia-web.png","contentUrl":"https:\/\/coniia.ai\/wp-content\/uploads\/2025\/03\/logo-coniia-web.png","width":300,"height":100,"caption":"CONIIA"},"image":{"@id":"https:\/\/coniia.ai\/fr\/#\/schema\/logo\/image\/"}}]}},"_links":{"self":[{"href":"https:\/\/coniia.ai\/fr\/wp-json\/wp\/v2\/pages\/287","targetHints":{"allow":["GET"]}}],"collection":[{"href":"https:\/\/coniia.ai\/fr\/wp-json\/wp\/v2\/pages"}],"about":[{"href":"https:\/\/coniia.ai\/fr\/wp-json\/wp\/v2\/types\/page"}],"author":[{"embeddable":true,"href":"https:\/\/coniia.ai\/fr\/wp-json\/wp\/v2\/users\/1"}],"replies":[{"embeddable":true,"href":"https:\/\/coniia.ai\/fr\/wp-json\/wp\/v2\/comments?post=287"}],"version-history":[{"count":2,"href":"https:\/\/coniia.ai\/fr\/wp-json\/wp\/v2\/pages\/287\/revisions"}],"predecessor-version":[{"id":407,"href":"https:\/\/coniia.ai\/fr\/wp-json\/wp\/v2\/pages\/287\/revisions\/407"}],"wp:attachment":[{"href":"https:\/\/coniia.ai\/fr\/wp-json\/wp\/v2\/media?parent=287"}],"curies":[{"name":"wp","href":"https:\/\/api.w.org\/{rel}","templated":true}]}}