{"id":288,"date":"2025-03-02T19:53:41","date_gmt":"2025-03-02T19:53:41","guid":{"rendered":"http:\/\/coniia.ai\/journee-africaine-de-lia\/"},"modified":"2025-03-03T05:04:44","modified_gmt":"2025-03-03T05:04:44","slug":"journee-africaine-de-lia","status":"publish","type":"page","link":"https:\/\/coniia.ai\/fr\/journee-africaine-de-lia\/","title":{"rendered":"Journ\u00e9e de l&rsquo;IA africaine"},"content":{"rendered":"<div class=\"wp-block-image\">\n<figure class=\"alignleft size-full is-resized\"><img fetchpriority=\"high\" decoding=\"async\" width=\"1348\" height=\"1107\" src=\"http:\/\/coniia.ai\/wp-content\/uploads\/2025\/03\/text-3-mars_result_result_result_result.png\" alt=\"\" class=\"wp-image-274\" style=\"width:206px;height:auto\" srcset=\"https:\/\/coniia.ai\/wp-content\/uploads\/2025\/03\/text-3-mars_result_result_result_result.png 1348w, https:\/\/coniia.ai\/wp-content\/uploads\/2025\/03\/text-3-mars_result_result_result_result-300x246.png 300w, https:\/\/coniia.ai\/wp-content\/uploads\/2025\/03\/text-3-mars_result_result_result_result-1024x841.png 1024w, https:\/\/coniia.ai\/wp-content\/uploads\/2025\/03\/text-3-mars_result_result_result_result-768x631.png 768w, https:\/\/coniia.ai\/wp-content\/uploads\/2025\/03\/text-3-mars_result_result_result_result-600x493.png 600w\" sizes=\"(max-width: 1348px) 100vw, 1348px\" \/><\/figure>\n<\/div>\n\n<div class=\"wp-block-image\">\n<figure class=\"alignleft size-large is-resized\"><img decoding=\"async\" width=\"1024\" height=\"1024\" src=\"http:\/\/coniia.ai\/wp-content\/uploads\/2025\/03\/WhatsApp-Image-2025-02-27-at-11.20.53-1024x1024.jpeg\" alt=\"\" class=\"wp-image-251\" style=\"width:156px;height:auto\" srcset=\"https:\/\/coniia.ai\/wp-content\/uploads\/2025\/03\/WhatsApp-Image-2025-02-27-at-11.20.53-1024x1024.jpeg 1024w, https:\/\/coniia.ai\/wp-content\/uploads\/2025\/03\/WhatsApp-Image-2025-02-27-at-11.20.53-300x300.jpeg 300w, https:\/\/coniia.ai\/wp-content\/uploads\/2025\/03\/WhatsApp-Image-2025-02-27-at-11.20.53-150x150.jpeg 150w, https:\/\/coniia.ai\/wp-content\/uploads\/2025\/03\/WhatsApp-Image-2025-02-27-at-11.20.53-768x768.jpeg 768w, https:\/\/coniia.ai\/wp-content\/uploads\/2025\/03\/WhatsApp-Image-2025-02-27-at-11.20.53-230x230.jpeg 230w, https:\/\/coniia.ai\/wp-content\/uploads\/2025\/03\/WhatsApp-Image-2025-02-27-at-11.20.53-400x400.jpeg 400w, https:\/\/coniia.ai\/wp-content\/uploads\/2025\/03\/WhatsApp-Image-2025-02-27-at-11.20.53-600x600.jpeg 600w, https:\/\/coniia.ai\/wp-content\/uploads\/2025\/03\/WhatsApp-Image-2025-02-27-at-11.20.53-640x640.jpeg 640w, https:\/\/coniia.ai\/wp-content\/uploads\/2025\/03\/WhatsApp-Image-2025-02-27-at-11.20.53.jpeg 1080w\" sizes=\"(max-width: 1024px) 100vw, 1024px\" \/><\/figure>\n<\/div>\n\n\n<p><strong>\u00ab\u00a0Chaque 3 mars, l&rsquo;Afrique au c\u0153ur de l&rsquo;intelligence artificielle<\/strong><\/p>\n\n\n\n<p>L&rsquo;Afrique se trouve \u00e0 l&rsquo;aube d&rsquo;une transformation majeure port\u00e9e par l&rsquo;intelligence artificielle (IA). En adoptant cette technologie, le continent a la possibilit\u00e9 de relever ses d\u00e9fis structurels, d&rsquo;acc\u00e9l\u00e9rer son d\u00e9veloppement et d&rsquo;affirmer son leadership dans l&rsquo;\u00e9conomie num\u00e9rique mondiale.<\/p>\n\n\n\n<p>La Journ\u00e9e de l&rsquo;IA africaine (JI2A), c\u00e9l\u00e9br\u00e9e chaque ann\u00e9e le 3 mars, r\u00e9pond \u00e0 cette ambition. Il constitue une plateforme unique de mobilisation des acteurs africains pour positionner l&rsquo;Afrique comme un p\u00f4le majeur de l&rsquo;innovation et de la transformation num\u00e9rique \u00e0 l&rsquo;\u00e9chelle mondiale.<\/p>\n\n\n\n<p>Sous la devise <strong>\u00ab\u00a0African AI : Local Roots, Global Impact\u00a0\u00bb<\/strong>, la JI2A incarne notre vision d&rsquo;une intelligence artificielle d\u00e9velopp\u00e9e par et pour l&rsquo;Afrique, ancr\u00e9e dans nos r\u00e9alit\u00e9s mais capable de transformer le monde.<\/p>\n\n\n\n<figure class=\"wp-block-gallery has-nested-images columns-default is-cropped wp-block-gallery-1 is-layout-flex wp-block-gallery-is-layout-flex\">\n<figure class=\"wp-block-image size-large\"><img decoding=\"async\" width=\"1024\" height=\"1024\" data-id=\"270\" src=\"http:\/\/coniia.ai\/wp-content\/uploads\/2025\/03\/ji2a-17.14.08-1024x1024.jpeg\" alt=\"\" class=\"wp-image-270\" srcset=\"https:\/\/coniia.ai\/wp-content\/uploads\/2025\/03\/ji2a-17.14.08-1024x1024.jpeg 1024w, https:\/\/coniia.ai\/wp-content\/uploads\/2025\/03\/ji2a-17.14.08-300x300.jpeg 300w, https:\/\/coniia.ai\/wp-content\/uploads\/2025\/03\/ji2a-17.14.08-150x150.jpeg 150w, https:\/\/coniia.ai\/wp-content\/uploads\/2025\/03\/ji2a-17.14.08-768x768.jpeg 768w, https:\/\/coniia.ai\/wp-content\/uploads\/2025\/03\/ji2a-17.14.08-230x230.jpeg 230w, https:\/\/coniia.ai\/wp-content\/uploads\/2025\/03\/ji2a-17.14.08-400x400.jpeg 400w, https:\/\/coniia.ai\/wp-content\/uploads\/2025\/03\/ji2a-17.14.08-600x600.jpeg 600w, https:\/\/coniia.ai\/wp-content\/uploads\/2025\/03\/ji2a-17.14.08-640x640.jpeg 640w, https:\/\/coniia.ai\/wp-content\/uploads\/2025\/03\/ji2a-17.14.08.jpeg 1080w\" sizes=\"(max-width: 1024px) 100vw, 1024px\" \/><\/figure>\n\n\n\n<figure class=\"wp-block-image size-large\"><img loading=\"lazy\" decoding=\"async\" width=\"1024\" height=\"1024\" data-id=\"271\" src=\"http:\/\/coniia.ai\/wp-content\/uploads\/2025\/03\/ji2a-18.31.00-1024x1024.jpeg\" alt=\"\" class=\"wp-image-271\" srcset=\"https:\/\/coniia.ai\/wp-content\/uploads\/2025\/03\/ji2a-18.31.00-1024x1024.jpeg 1024w, https:\/\/coniia.ai\/wp-content\/uploads\/2025\/03\/ji2a-18.31.00-300x300.jpeg 300w, https:\/\/coniia.ai\/wp-content\/uploads\/2025\/03\/ji2a-18.31.00-150x150.jpeg 150w, https:\/\/coniia.ai\/wp-content\/uploads\/2025\/03\/ji2a-18.31.00-768x768.jpeg 768w, https:\/\/coniia.ai\/wp-content\/uploads\/2025\/03\/ji2a-18.31.00-230x230.jpeg 230w, https:\/\/coniia.ai\/wp-content\/uploads\/2025\/03\/ji2a-18.31.00-400x400.jpeg 400w, https:\/\/coniia.ai\/wp-content\/uploads\/2025\/03\/ji2a-18.31.00-600x600.jpeg 600w, https:\/\/coniia.ai\/wp-content\/uploads\/2025\/03\/ji2a-18.31.00-640x640.jpeg 640w, https:\/\/coniia.ai\/wp-content\/uploads\/2025\/03\/ji2a-18.31.00.jpeg 1080w\" sizes=\"(max-width: 1024px) 100vw, 1024px\" \/><\/figure>\n\n\n\n<figure class=\"wp-block-image size-large\"><img loading=\"lazy\" decoding=\"async\" width=\"1024\" height=\"1024\" data-id=\"272\" src=\"http:\/\/coniia.ai\/wp-content\/uploads\/2025\/03\/ji2a-18.51.42-1024x1024.jpeg\" alt=\"\" class=\"wp-image-272\" srcset=\"https:\/\/coniia.ai\/wp-content\/uploads\/2025\/03\/ji2a-18.51.42-1024x1024.jpeg 1024w, https:\/\/coniia.ai\/wp-content\/uploads\/2025\/03\/ji2a-18.51.42-300x300.jpeg 300w, https:\/\/coniia.ai\/wp-content\/uploads\/2025\/03\/ji2a-18.51.42-150x150.jpeg 150w, https:\/\/coniia.ai\/wp-content\/uploads\/2025\/03\/ji2a-18.51.42-768x768.jpeg 768w, https:\/\/coniia.ai\/wp-content\/uploads\/2025\/03\/ji2a-18.51.42-230x230.jpeg 230w, https:\/\/coniia.ai\/wp-content\/uploads\/2025\/03\/ji2a-18.51.42-400x400.jpeg 400w, https:\/\/coniia.ai\/wp-content\/uploads\/2025\/03\/ji2a-18.51.42-600x600.jpeg 600w, https:\/\/coniia.ai\/wp-content\/uploads\/2025\/03\/ji2a-18.51.42-640x640.jpeg 640w, https:\/\/coniia.ai\/wp-content\/uploads\/2025\/03\/ji2a-18.51.42.jpeg 1080w\" sizes=\"(max-width: 1024px) 100vw, 1024px\" \/><\/figure>\n\n\n\n<figure class=\"wp-block-image size-large\"><img loading=\"lazy\" decoding=\"async\" width=\"1024\" height=\"1024\" data-id=\"273\" src=\"http:\/\/coniia.ai\/wp-content\/uploads\/2025\/03\/ji2a-19.05.23-1024x1024.jpeg\" alt=\"\" class=\"wp-image-273\" srcset=\"https:\/\/coniia.ai\/wp-content\/uploads\/2025\/03\/ji2a-19.05.23-1024x1024.jpeg 1024w, https:\/\/coniia.ai\/wp-content\/uploads\/2025\/03\/ji2a-19.05.23-300x300.jpeg 300w, https:\/\/coniia.ai\/wp-content\/uploads\/2025\/03\/ji2a-19.05.23-150x150.jpeg 150w, https:\/\/coniia.ai\/wp-content\/uploads\/2025\/03\/ji2a-19.05.23-768x768.jpeg 768w, https:\/\/coniia.ai\/wp-content\/uploads\/2025\/03\/ji2a-19.05.23-230x230.jpeg 230w, https:\/\/coniia.ai\/wp-content\/uploads\/2025\/03\/ji2a-19.05.23-400x400.jpeg 400w, https:\/\/coniia.ai\/wp-content\/uploads\/2025\/03\/ji2a-19.05.23-600x600.jpeg 600w, https:\/\/coniia.ai\/wp-content\/uploads\/2025\/03\/ji2a-19.05.23-640x640.jpeg 640w, https:\/\/coniia.ai\/wp-content\/uploads\/2025\/03\/ji2a-19.05.23.jpeg 1080w\" sizes=\"(max-width: 1024px) 100vw, 1024px\" \/><\/figure>\n\n\n\n<figure class=\"wp-block-image size-large\"><img loading=\"lazy\" decoding=\"async\" width=\"1024\" height=\"1024\" data-id=\"269\" src=\"http:\/\/coniia.ai\/wp-content\/uploads\/2025\/03\/ji2a-15.41.20-1024x1024.jpeg\" alt=\"\" class=\"wp-image-269\" srcset=\"https:\/\/coniia.ai\/wp-content\/uploads\/2025\/03\/ji2a-15.41.20-1024x1024.jpeg 1024w, https:\/\/coniia.ai\/wp-content\/uploads\/2025\/03\/ji2a-15.41.20-300x300.jpeg 300w, https:\/\/coniia.ai\/wp-content\/uploads\/2025\/03\/ji2a-15.41.20-150x150.jpeg 150w, https:\/\/coniia.ai\/wp-content\/uploads\/2025\/03\/ji2a-15.41.20-768x768.jpeg 768w, https:\/\/coniia.ai\/wp-content\/uploads\/2025\/03\/ji2a-15.41.20-230x230.jpeg 230w, https:\/\/coniia.ai\/wp-content\/uploads\/2025\/03\/ji2a-15.41.20-400x400.jpeg 400w, https:\/\/coniia.ai\/wp-content\/uploads\/2025\/03\/ji2a-15.41.20-600x600.jpeg 600w, https:\/\/coniia.ai\/wp-content\/uploads\/2025\/03\/ji2a-15.41.20-640x640.jpeg 640w, https:\/\/coniia.ai\/wp-content\/uploads\/2025\/03\/ji2a-15.41.20.jpeg 1080w\" sizes=\"(max-width: 1024px) 100vw, 1024px\" \/><\/figure>\n<\/figure>\n\n\n\n<h3 class=\"wp-block-heading\">Objectifs de la JI2A<\/h3>\n\n\n\n<ul class=\"wp-block-list\">\n<li><strong>Unifier un \u00e9cosyst\u00e8me panafricain de l&rsquo;IA<\/strong><\/li>\n<\/ul>\n\n\n\n<p>R\u00e9unir les gouvernements, les entreprises, les institutions acad\u00e9miques, les chercheurs et les citoyens autour d&rsquo;un dialogue strat\u00e9gique sur l&rsquo;IA et ses implications pour le d\u00e9veloppement du continent.<\/p>\n\n\n\n<ul class=\"wp-block-list\">\n<li><strong>Encourager l&rsquo;appropriation de l&rsquo;IA par les Africains<\/strong><\/li>\n<\/ul>\n\n\n\n<p>Mettez en avant les innovations locales et d\u00e9montrez l&rsquo;impact positif de l&rsquo;IA dans des domaines cl\u00e9s tels que l&rsquo;\u00e9ducation, la sant\u00e9, l&rsquo;agriculture et l&rsquo;\u00e9conomie.<\/p>\n\n\n\n<ul class=\"wp-block-list\">\n<li><strong>Stimuler l&rsquo;innovation et l&rsquo;esprit d&rsquo;entreprise<\/strong><\/li>\n<\/ul>\n\n\n\n<p>Favoriser l&rsquo;\u00e9mergence de talents africains dans le domaine de l&rsquo;intelligence artificielle, soutenir les startups et promouvoir l&rsquo;investissement dans des solutions technologiques locales.<\/p>\n\n\n\n<ul class=\"wp-block-list\">\n<li><strong>Renforcer l&rsquo;identit\u00e9 num\u00e9rique et technologique de l&rsquo;Afrique<\/strong><\/li>\n<\/ul>\n\n\n\n<p>Faire de l&rsquo;Afrique un acteur central du d\u00e9veloppement de l&rsquo;IA en mettant en valeur ses comp\u00e9tences et en affirmant une vision commune du progr\u00e8s technologique.<\/p>\n\n\n\n<h3 class=\"wp-block-heading\">Une initiative sans pr\u00e9c\u00e9dent et pionni\u00e8re<\/h3>\n\n\n\n<p>La JI2A est la premi\u00e8re initiative continentale consacr\u00e9e exclusivement \u00e0 l&rsquo;intelligence artificielle. Il affirme l&rsquo;engagement de l&rsquo;Afrique \u00e0 construire son avenir num\u00e9rique et \u00e0 participer activement aux avanc\u00e9es technologiques mondiales.<\/p>\n\n\n\n<p>Cet \u00e9v\u00e9nement est soutenu par un acteur strat\u00e9gique mondial : le <strong>CONIIA<\/strong> (Conseil international pour l&rsquo;intelligence artificielle), et b\u00e9n\u00e9ficie du soutien de nombreux partenaires panafricains. Elle marque un tournant majeur en instaurant une tradition annuelle consacr\u00e9e \u00e0 l&rsquo;IA en Afrique.<\/p>\n\n\n\n<p>Le choix du <strong>3 mars<\/strong> symbolise l&rsquo;\u00e9mergence d&rsquo;une Afrique unie, innovante et tourn\u00e9e vers l&rsquo;avenir, o\u00f9 la technologie devient un moteur de d\u00e9veloppement durable et inclusif.<\/p>\n\n\n\n<h3 class=\"wp-block-heading\">Un impact global et inclusif<\/h3>\n\n\n\n<p>La JI2A s&rsquo;adresse \u00e0 tous les acteurs du continent :<\/p>\n\n\n\n<ul class=\"wp-block-list\">\n<li><strong>Gouvernements<\/strong><\/li>\n<\/ul>\n\n\n\n<p>Une occasion de d\u00e9montrer un engagement fort en faveur de la transformation num\u00e9rique et de mettre en \u0153uvre des politiques soutenant l&rsquo;IA.<\/p>\n\n\n\n<ul class=\"wp-block-list\">\n<li><strong>Jeunes et \u00e9tudiants<\/strong><\/li>\n<\/ul>\n\n\n\n<p>Un espace d&rsquo;apprentissage, d&rsquo;inspiration et d&rsquo;acquisition de comp\u00e9tences en IA.<\/p>\n\n\n\n<ul class=\"wp-block-list\">\n<li><strong>Entrepreneurs et startups<\/strong><\/li>\n<\/ul>\n\n\n\n<p>Une vitrine pour pr\u00e9senter leurs innovations et attirer les investisseurs.<\/p>\n\n\n\n<ul class=\"wp-block-list\">\n<li><strong>Chercheurs et \u00e9ducateurs<\/strong><\/li>\n<\/ul>\n\n\n\n<p>Une plateforme de collaboration scientifique pour acc\u00e9l\u00e9rer la recherche et l&rsquo;\u00e9ducation en mati\u00e8re d&rsquo;IA en Afrique.<\/p>\n\n\n\n<ul class=\"wp-block-list\">\n<li><strong>Communaut\u00e9s rurales<\/strong><\/li>\n<\/ul>\n\n\n\n<p>Une occasion d&rsquo;explorer les avantages de l&rsquo;IA dans les domaines de l&rsquo;agriculture, de la sant\u00e9 et de l&rsquo;\u00e9ducation.<\/p>\n\n\n\n<h3 class=\"wp-block-heading\">Mobiliser l&rsquo;Afrique et le monde<\/h3>\n\n\n\n<p><strong>La JI2A envoie un message fort : L&rsquo;Afrique prend en main son avenir technologique.<\/strong><\/p>\n\n\n\n<p>Cet \u00e9v\u00e9nement mobilisera les gouvernements, les entreprises, les chercheurs et les citoyens africains, tout en attirant l&rsquo;attention des partenaires internationaux. Il favorisera le d\u00e9veloppement de la coop\u00e9ration Nord-Sud et Sud-Sud, tout en encourageant les investissements massifs dans l&rsquo;innovation africaine.<\/p>\n\n\n\n<p>Cette initiative, que l&rsquo;Union africaine est appel\u00e9e \u00e0 soutenir durablement, illustre la volont\u00e9 de l&rsquo;Afrique de parler d&rsquo;une seule voix dans l&rsquo;\u00e9cosyst\u00e8me mondial de l&rsquo;intelligence artificielle, tout en mettant en valeur la richesse de sa diversit\u00e9.<\/p>\n\n\n\n<h3 class=\"wp-block-heading\">Une vision pour l&rsquo;avenir<\/h3>\n\n\n\n<p>La JI2A n&rsquo;est pas un simple \u00e9v\u00e9nement mais le d\u00e9but d&rsquo;un mouvement continental :<\/p>\n\n\n\n<ul class=\"wp-block-list\">\n<li>Cr\u00e9er un <strong>observatoire africain de l&rsquo;IA ;<\/strong><\/li>\n\n\n\n<li>D\u00e9velopper un <strong>r\u00e9seau panafricain de centres d&rsquo;excellence<\/strong> en IA ;<\/li>\n\n\n\n<li>Cr\u00e9er un <strong>fonds d&rsquo;investissement d\u00e9di\u00e9<\/strong> aux startups africaines sp\u00e9cialis\u00e9es dans l&rsquo;IA ;<\/li>\n\n\n\n<li>\u00c9laborer une <strong>strat\u00e9gie continentale pour l&rsquo;IA<\/strong> sous l&rsquo;\u00e9gide de l&rsquo;Union africaine.<\/li>\n<\/ul>\n\n\n\n<h3 class=\"wp-block-heading\">Participez \u00e0 la r\u00e9volution technologique africaine !<\/h3>\n\n\n\n<p>La Journ\u00e9e de l&rsquo;intelligence artificielle (JI2A) africaine incarne une ambition forte et une vision partag\u00e9e : faire de l&rsquo;IA un levier de d\u00e9veloppement pour tous les Africains.<\/p>\n\n\n\n<p><strong>Ensemble, faisons de l&rsquo;Afrique un leader technologique mondial.<\/strong><\/p>\n\n\n\n<p>R\u00e9servez cette date : <strong>le 3 mars, c\u00e9l\u00e9brons l&rsquo;IA africaine et construisons un avenir o\u00f9 l&rsquo;innovation et le progr\u00e8s sont au service du continent !<\/strong><\/p>\n\n\n\n<p><\/p>\n","protected":false},"excerpt":{"rendered":"<p>\u00ab\u00a0Chaque 3 mars, l&rsquo;Afrique au c\u0153ur de l&rsquo;intelligence artificielle L&rsquo;Afrique se trouve \u00e0 l&rsquo;aube d&rsquo;une transformation majeure port\u00e9e par l&rsquo;intelligence artificielle (IA). En adoptant cette technologie, le continent a la possibilit\u00e9 de relever ses d\u00e9fis structurels, d&rsquo;acc\u00e9l\u00e9rer son d\u00e9veloppement et d&rsquo;affirmer son leadership dans l&rsquo;\u00e9conomie num\u00e9rique mondiale. La Journ\u00e9e de l&rsquo;IA africaine (JI2A), c\u00e9l\u00e9br\u00e9e chaque [&hellip;]<\/p>\n","protected":false},"author":1,"featured_media":0,"parent":0,"menu_order":0,"comment_status":"closed","ping_status":"closed","template":"","meta":{"footnotes":""},"class_list":["post-288","page","type-page","status-publish","hentry"],"yoast_head":"<!-- This site is optimized with the Yoast SEO plugin v24.5 - https:\/\/yoast.com\/wordpress\/plugins\/seo\/ -->\n<title>Journ\u00e9e de l&#039;IA africaine &#062; CONIIA<\/title>\n<meta name=\"robots\" content=\"index, follow, max-snippet:-1, max-image-preview:large, max-video-preview:-1\" \/>\n<link rel=\"canonical\" href=\"https:\/\/coniia.ai\/fr\/journee-africaine-de-lia\/\" \/>\n<meta property=\"og:locale\" content=\"fr_FR\" \/>\n<meta property=\"og:type\" content=\"article\" \/>\n<meta property=\"og:title\" content=\"Journ\u00e9e de l&#039;IA africaine &#062; CONIIA\" \/>\n<meta property=\"og:description\" content=\"\u00ab\u00a0Chaque 3 mars, l&rsquo;Afrique au c\u0153ur de l&rsquo;intelligence artificielle L&rsquo;Afrique se trouve \u00e0 l&rsquo;aube d&rsquo;une transformation majeure port\u00e9e par l&rsquo;intelligence artificielle (IA). En adoptant cette technologie, le continent a la possibilit\u00e9 de relever ses d\u00e9fis structurels, d&rsquo;acc\u00e9l\u00e9rer son d\u00e9veloppement et d&rsquo;affirmer son leadership dans l&rsquo;\u00e9conomie num\u00e9rique mondiale. La Journ\u00e9e de l&rsquo;IA africaine (JI2A), c\u00e9l\u00e9br\u00e9e chaque [&hellip;]\" \/>\n<meta property=\"og:url\" content=\"https:\/\/coniia.ai\/fr\/journee-africaine-de-lia\/\" \/>\n<meta property=\"og:site_name\" content=\"CONIIA\" \/>\n<meta property=\"article:modified_time\" content=\"2025-03-03T05:04:44+00:00\" \/>\n<meta property=\"og:image\" content=\"http:\/\/coniia.ai\/wp-content\/uploads\/2025\/03\/text-3-mars_result_result_result_result.png\" \/>\n<meta name=\"twitter:card\" content=\"summary_large_image\" \/>\n<meta name=\"twitter:label1\" content=\"Dur\u00e9e de lecture estim\u00e9e\" \/>\n\t<meta name=\"twitter:data1\" content=\"4 minutes\" \/>\n<script type=\"application\/ld+json\" class=\"yoast-schema-graph\">{\"@context\":\"https:\/\/schema.org\",\"@graph\":[{\"@type\":\"WebPage\",\"@id\":\"https:\/\/coniia.ai\/fr\/journee-africaine-de-lia\/\",\"url\":\"https:\/\/coniia.ai\/fr\/journee-africaine-de-lia\/\",\"name\":\"Journ\u00e9e de l'IA africaine &#062; CONIIA\",\"isPartOf\":{\"@id\":\"https:\/\/coniia.ai\/fr\/#website\"},\"primaryImageOfPage\":{\"@id\":\"https:\/\/coniia.ai\/fr\/journee-africaine-de-lia\/#primaryimage\"},\"image\":{\"@id\":\"https:\/\/coniia.ai\/fr\/journee-africaine-de-lia\/#primaryimage\"},\"thumbnailUrl\":\"http:\/\/coniia.ai\/wp-content\/uploads\/2025\/03\/text-3-mars_result_result_result_result.png\",\"datePublished\":\"2025-03-02T19:53:41+00:00\",\"dateModified\":\"2025-03-03T05:04:44+00:00\",\"breadcrumb\":{\"@id\":\"https:\/\/coniia.ai\/fr\/journee-africaine-de-lia\/#breadcrumb\"},\"inLanguage\":\"fr-FR\",\"potentialAction\":[{\"@type\":\"ReadAction\",\"target\":[\"https:\/\/coniia.ai\/fr\/journee-africaine-de-lia\/\"]}]},{\"@type\":\"ImageObject\",\"inLanguage\":\"fr-FR\",\"@id\":\"https:\/\/coniia.ai\/fr\/journee-africaine-de-lia\/#primaryimage\",\"url\":\"http:\/\/coniia.ai\/wp-content\/uploads\/2025\/03\/text-3-mars_result_result_result_result.png\",\"contentUrl\":\"http:\/\/coniia.ai\/wp-content\/uploads\/2025\/03\/text-3-mars_result_result_result_result.png\"},{\"@type\":\"BreadcrumbList\",\"@id\":\"https:\/\/coniia.ai\/fr\/journee-africaine-de-lia\/#breadcrumb\",\"itemListElement\":[{\"@type\":\"ListItem\",\"position\":1,\"name\":\"Home\",\"item\":\"https:\/\/coniia.ai\/fr\/\"},{\"@type\":\"ListItem\",\"position\":2,\"name\":\"Journ\u00e9e de l&rsquo;IA africaine\"}]},{\"@type\":\"WebSite\",\"@id\":\"https:\/\/coniia.ai\/fr\/#website\",\"url\":\"https:\/\/coniia.ai\/fr\/\",\"name\":\"CONIIA\",\"description\":\"Acteur majeur de l&#039;AI en Afrique et dans le Monde\",\"publisher\":{\"@id\":\"https:\/\/coniia.ai\/fr\/#organization\"},\"alternateName\":\"Conseil International de l'IA\",\"potentialAction\":[{\"@type\":\"SearchAction\",\"target\":{\"@type\":\"EntryPoint\",\"urlTemplate\":\"https:\/\/coniia.ai\/fr\/?s={search_term_string}\"},\"query-input\":{\"@type\":\"PropertyValueSpecification\",\"valueRequired\":true,\"valueName\":\"search_term_string\"}}],\"inLanguage\":\"fr-FR\"},{\"@type\":\"Organization\",\"@id\":\"https:\/\/coniia.ai\/fr\/#organization\",\"name\":\"CONIIA\",\"url\":\"https:\/\/coniia.ai\/fr\/\",\"logo\":{\"@type\":\"ImageObject\",\"inLanguage\":\"fr-FR\",\"@id\":\"https:\/\/coniia.ai\/fr\/#\/schema\/logo\/image\/\",\"url\":\"https:\/\/coniia.ai\/wp-content\/uploads\/2025\/03\/logo-coniia-web.png\",\"contentUrl\":\"https:\/\/coniia.ai\/wp-content\/uploads\/2025\/03\/logo-coniia-web.png\",\"width\":300,\"height\":100,\"caption\":\"CONIIA\"},\"image\":{\"@id\":\"https:\/\/coniia.ai\/fr\/#\/schema\/logo\/image\/\"}}]}<\/script>\n<!-- \/ Yoast SEO plugin. -->","yoast_head_json":{"title":"Journ\u00e9e de l'IA africaine &#062; CONIIA","robots":{"index":"index","follow":"follow","max-snippet":"max-snippet:-1","max-image-preview":"max-image-preview:large","max-video-preview":"max-video-preview:-1"},"canonical":"https:\/\/coniia.ai\/fr\/journee-africaine-de-lia\/","og_locale":"fr_FR","og_type":"article","og_title":"Journ\u00e9e de l'IA africaine &#062; CONIIA","og_description":"\u00ab\u00a0Chaque 3 mars, l&rsquo;Afrique au c\u0153ur de l&rsquo;intelligence artificielle L&rsquo;Afrique se trouve \u00e0 l&rsquo;aube d&rsquo;une transformation majeure port\u00e9e par l&rsquo;intelligence artificielle (IA). En adoptant cette technologie, le continent a la possibilit\u00e9 de relever ses d\u00e9fis structurels, d&rsquo;acc\u00e9l\u00e9rer son d\u00e9veloppement et d&rsquo;affirmer son leadership dans l&rsquo;\u00e9conomie num\u00e9rique mondiale. La Journ\u00e9e de l&rsquo;IA africaine (JI2A), c\u00e9l\u00e9br\u00e9e chaque [&hellip;]","og_url":"https:\/\/coniia.ai\/fr\/journee-africaine-de-lia\/","og_site_name":"CONIIA","article_modified_time":"2025-03-03T05:04:44+00:00","og_image":[{"url":"http:\/\/coniia.ai\/wp-content\/uploads\/2025\/03\/text-3-mars_result_result_result_result.png","type":"","width":"","height":""}],"twitter_card":"summary_large_image","twitter_misc":{"Dur\u00e9e de lecture estim\u00e9e":"4 minutes"},"schema":{"@context":"https:\/\/schema.org","@graph":[{"@type":"WebPage","@id":"https:\/\/coniia.ai\/fr\/journee-africaine-de-lia\/","url":"https:\/\/coniia.ai\/fr\/journee-africaine-de-lia\/","name":"Journ\u00e9e de l'IA africaine &#062; CONIIA","isPartOf":{"@id":"https:\/\/coniia.ai\/fr\/#website"},"primaryImageOfPage":{"@id":"https:\/\/coniia.ai\/fr\/journee-africaine-de-lia\/#primaryimage"},"image":{"@id":"https:\/\/coniia.ai\/fr\/journee-africaine-de-lia\/#primaryimage"},"thumbnailUrl":"http:\/\/coniia.ai\/wp-content\/uploads\/2025\/03\/text-3-mars_result_result_result_result.png","datePublished":"2025-03-02T19:53:41+00:00","dateModified":"2025-03-03T05:04:44+00:00","breadcrumb":{"@id":"https:\/\/coniia.ai\/fr\/journee-africaine-de-lia\/#breadcrumb"},"inLanguage":"fr-FR","potentialAction":[{"@type":"ReadAction","target":["https:\/\/coniia.ai\/fr\/journee-africaine-de-lia\/"]}]},{"@type":"ImageObject","inLanguage":"fr-FR","@id":"https:\/\/coniia.ai\/fr\/journee-africaine-de-lia\/#primaryimage","url":"http:\/\/coniia.ai\/wp-content\/uploads\/2025\/03\/text-3-mars_result_result_result_result.png","contentUrl":"http:\/\/coniia.ai\/wp-content\/uploads\/2025\/03\/text-3-mars_result_result_result_result.png"},{"@type":"BreadcrumbList","@id":"https:\/\/coniia.ai\/fr\/journee-africaine-de-lia\/#breadcrumb","itemListElement":[{"@type":"ListItem","position":1,"name":"Home","item":"https:\/\/coniia.ai\/fr\/"},{"@type":"ListItem","position":2,"name":"Journ\u00e9e de l&rsquo;IA africaine"}]},{"@type":"WebSite","@id":"https:\/\/coniia.ai\/fr\/#website","url":"https:\/\/coniia.ai\/fr\/","name":"CONIIA","description":"Acteur majeur de l&#039;AI en Afrique et dans le Monde","publisher":{"@id":"https:\/\/coniia.ai\/fr\/#organization"},"alternateName":"Conseil International de l'IA","potentialAction":[{"@type":"SearchAction","target":{"@type":"EntryPoint","urlTemplate":"https:\/\/coniia.ai\/fr\/?s={search_term_string}"},"query-input":{"@type":"PropertyValueSpecification","valueRequired":true,"valueName":"search_term_string"}}],"inLanguage":"fr-FR"},{"@type":"Organization","@id":"https:\/\/coniia.ai\/fr\/#organization","name":"CONIIA","url":"https:\/\/coniia.ai\/fr\/","logo":{"@type":"ImageObject","inLanguage":"fr-FR","@id":"https:\/\/coniia.ai\/fr\/#\/schema\/logo\/image\/","url":"https:\/\/coniia.ai\/wp-content\/uploads\/2025\/03\/logo-coniia-web.png","contentUrl":"https:\/\/coniia.ai\/wp-content\/uploads\/2025\/03\/logo-coniia-web.png","width":300,"height":100,"caption":"CONIIA"},"image":{"@id":"https:\/\/coniia.ai\/fr\/#\/schema\/logo\/image\/"}}]}},"_links":{"self":[{"href":"https:\/\/coniia.ai\/fr\/wp-json\/wp\/v2\/pages\/288","targetHints":{"allow":["GET"]}}],"collection":[{"href":"https:\/\/coniia.ai\/fr\/wp-json\/wp\/v2\/pages"}],"about":[{"href":"https:\/\/coniia.ai\/fr\/wp-json\/wp\/v2\/types\/page"}],"author":[{"embeddable":true,"href":"https:\/\/coniia.ai\/fr\/wp-json\/wp\/v2\/users\/1"}],"replies":[{"embeddable":true,"href":"https:\/\/coniia.ai\/fr\/wp-json\/wp\/v2\/comments?post=288"}],"version-history":[{"count":6,"href":"https:\/\/coniia.ai\/fr\/wp-json\/wp\/v2\/pages\/288\/revisions"}],"predecessor-version":[{"id":397,"href":"https:\/\/coniia.ai\/fr\/wp-json\/wp\/v2\/pages\/288\/revisions\/397"}],"wp:attachment":[{"href":"https:\/\/coniia.ai\/fr\/wp-json\/wp\/v2\/media?parent=288"}],"curies":[{"name":"wp","href":"https:\/\/api.w.org\/{rel}","templated":true}]}}